{"id":532,"date":"2023-03-25T22:07:27","date_gmt":"2023-03-25T21:07:27","guid":{"rendered":"https:\/\/alpakahof-oyten.de\/index.html\/?page_id=532"},"modified":"2025-12-16T14:58:21","modified_gmt":"2025-12-16T13:58:21","slug":"hofladen","status":"publish","type":"page","link":"https:\/\/alpakahof-oyten.de\/index.html\/hofladen\/","title":{"rendered":"Hofladen"},"content":{"rendered":"\n<p>Ge\u00f6ffnet nur nach Absprache<\/p>\n\n\n\n<figure class=\"wp-block-image size-large\"><img loading=\"lazy\" decoding=\"async\" width=\"1024\" height=\"768\" src=\"https:\/\/alpakahof-oyten.de\/wp-content\/uploads\/2023\/03\/D37387D7-7CB2-4FBE-AD09-4E62B0730535-1024x768.jpeg\" alt=\"\" class=\"wp-image-533\" srcset=\"https:\/\/alpakahof-oyten.de\/wp-content\/uploads\/2023\/03\/D37387D7-7CB2-4FBE-AD09-4E62B0730535-1024x768.jpeg 1024w, https:\/\/alpakahof-oyten.de\/wp-content\/uploads\/2023\/03\/D37387D7-7CB2-4FBE-AD09-4E62B0730535-300x225.jpeg 300w, https:\/\/alpakahof-oyten.de\/wp-content\/uploads\/2023\/03\/D37387D7-7CB2-4FBE-AD09-4E62B0730535-768x576.jpeg 768w, https:\/\/alpakahof-oyten.de\/wp-content\/uploads\/2023\/03\/D37387D7-7CB2-4FBE-AD09-4E62B0730535-1536x1152.jpeg 1536w, https:\/\/alpakahof-oyten.de\/wp-content\/uploads\/2023\/03\/D37387D7-7CB2-4FBE-AD09-4E62B0730535.jpeg 2048w\" sizes=\"auto, (max-width: 1024px) 100vw, 1024px\" \/><figcaption class=\"wp-element-caption\">Alpakafelltiere &amp; Alpakaseifen<\/figcaption><\/figure>\n\n\n\n<figure class=\"wp-block-image size-large is-resized\"><img loading=\"lazy\" decoding=\"async\" width=\"1024\" height=\"768\" src=\"https:\/\/alpakahof-oyten.de\/wp-content\/uploads\/2023\/03\/EFC6D2DA-85C3-41EF-BC0A-FC14A767BD01-1024x768.jpeg\" alt=\"\" class=\"wp-image-534\" style=\"width:281px;height:210px\" srcset=\"https:\/\/alpakahof-oyten.de\/wp-content\/uploads\/2023\/03\/EFC6D2DA-85C3-41EF-BC0A-FC14A767BD01-1024x768.jpeg 1024w, https:\/\/alpakahof-oyten.de\/wp-content\/uploads\/2023\/03\/EFC6D2DA-85C3-41EF-BC0A-FC14A767BD01-300x225.jpeg 300w, https:\/\/alpakahof-oyten.de\/wp-content\/uploads\/2023\/03\/EFC6D2DA-85C3-41EF-BC0A-FC14A767BD01-768x576.jpeg 768w, https:\/\/alpakahof-oyten.de\/wp-content\/uploads\/2023\/03\/EFC6D2DA-85C3-41EF-BC0A-FC14A767BD01-1536x1152.jpeg 1536w, https:\/\/alpakahof-oyten.de\/wp-content\/uploads\/2023\/03\/EFC6D2DA-85C3-41EF-BC0A-FC14A767BD01.jpeg 2048w\" sizes=\"auto, (max-width: 1024px) 100vw, 1024px\" \/><figcaption class=\"wp-element-caption\"><br><\/figcaption><\/figure>\n\n\n\n<figure class=\"wp-block-image size-large is-resized\"><img loading=\"lazy\" decoding=\"async\" width=\"1024\" height=\"1024\" src=\"https:\/\/alpakahof-oyten.de\/wp-content\/uploads\/2023\/03\/509E2EC0-D12E-4EC3-BA3A-45BC89ABC471-1024x1024.jpeg\" alt=\"\" class=\"wp-image-541\" style=\"width:322px;height:322px\" srcset=\"https:\/\/alpakahof-oyten.de\/wp-content\/uploads\/2023\/03\/509E2EC0-D12E-4EC3-BA3A-45BC89ABC471-1024x1024.jpeg 1024w, https:\/\/alpakahof-oyten.de\/wp-content\/uploads\/2023\/03\/509E2EC0-D12E-4EC3-BA3A-45BC89ABC471-300x300.jpeg 300w, https:\/\/alpakahof-oyten.de\/wp-content\/uploads\/2023\/03\/509E2EC0-D12E-4EC3-BA3A-45BC89ABC471-150x150.jpeg 150w, https:\/\/alpakahof-oyten.de\/wp-content\/uploads\/2023\/03\/509E2EC0-D12E-4EC3-BA3A-45BC89ABC471-768x768.jpeg 768w, https:\/\/alpakahof-oyten.de\/wp-content\/uploads\/2023\/03\/509E2EC0-D12E-4EC3-BA3A-45BC89ABC471.jpeg 1071w\" sizes=\"auto, (max-width: 1024px) 100vw, 1024px\" \/><figcaption class=\"wp-element-caption\">3D Seifen Alpaka<\/figcaption><\/figure>\n\n\n\n<figure class=\"wp-block-image size-large is-resized\"><img loading=\"lazy\" decoding=\"async\" width=\"922\" height=\"1024\" src=\"https:\/\/alpakahof-oyten.de\/wp-content\/uploads\/2023\/03\/9F34C1CB-034E-489C-AA3B-F3D68DF52AA3-922x1024.jpeg\" alt=\"\" class=\"wp-image-535\" style=\"width:342px;height:379px\" srcset=\"https:\/\/alpakahof-oyten.de\/wp-content\/uploads\/2023\/03\/9F34C1CB-034E-489C-AA3B-F3D68DF52AA3-922x1024.jpeg 922w, https:\/\/alpakahof-oyten.de\/wp-content\/uploads\/2023\/03\/9F34C1CB-034E-489C-AA3B-F3D68DF52AA3-270x300.jpeg 270w, https:\/\/alpakahof-oyten.de\/wp-content\/uploads\/2023\/03\/9F34C1CB-034E-489C-AA3B-F3D68DF52AA3-768x853.jpeg 768w, https:\/\/alpakahof-oyten.de\/wp-content\/uploads\/2023\/03\/9F34C1CB-034E-489C-AA3B-F3D68DF52AA3.jpeg 1296w\" sizes=\"auto, (max-width: 922px) 100vw, 922px\" \/><figcaption class=\"wp-element-caption\">Seifen aus Alpakavlies, nicht aus dem Tier, sondern aus dem Vlies (Fell)<\/figcaption><\/figure>\n\n\n\n<p><\/p>\n\n\n\n<p><\/p>\n\n\n\n<figure class=\"wp-block-image size-large\"><img loading=\"lazy\" decoding=\"async\" width=\"444\" height=\"1024\" src=\"https:\/\/alpakahof-oyten.de\/wp-content\/uploads\/2023\/03\/093AEE2A-1B71-42F2-90C2-891440C2F0B8-444x1024.jpeg\" alt=\"\" class=\"wp-image-536\" srcset=\"https:\/\/alpakahof-oyten.de\/wp-content\/uploads\/2023\/03\/093AEE2A-1B71-42F2-90C2-891440C2F0B8-444x1024.jpeg 444w, https:\/\/alpakahof-oyten.de\/wp-content\/uploads\/2023\/03\/093AEE2A-1B71-42F2-90C2-891440C2F0B8-130x300.jpeg 130w, https:\/\/alpakahof-oyten.de\/wp-content\/uploads\/2023\/03\/093AEE2A-1B71-42F2-90C2-891440C2F0B8.jpeg 624w\" sizes=\"auto, (max-width: 444px) 100vw, 444px\" \/><figcaption class=\"wp-element-caption\">Alpaka Socken in verschiedenen Ausf\u00fchrungen <\/figcaption><\/figure>\n\n\n\n<figure class=\"wp-block-image size-large\"><img loading=\"lazy\" decoding=\"async\" width=\"665\" height=\"1024\" src=\"https:\/\/alpakahof-oyten.de\/wp-content\/uploads\/2025\/09\/IMG_1565-665x1024.jpeg\" alt=\"\" class=\"wp-image-997\" srcset=\"https:\/\/alpakahof-oyten.de\/wp-content\/uploads\/2025\/09\/IMG_1565-665x1024.jpeg 665w, https:\/\/alpakahof-oyten.de\/wp-content\/uploads\/2025\/09\/IMG_1565-195x300.jpeg 195w, https:\/\/alpakahof-oyten.de\/wp-content\/uploads\/2025\/09\/IMG_1565-768x1182.jpeg 768w, https:\/\/alpakahof-oyten.de\/wp-content\/uploads\/2025\/09\/IMG_1565.jpeg 886w\" sizes=\"auto, (max-width: 665px) 100vw, 665px\" \/><figcaption class=\"wp-element-caption\"><br><\/figcaption><\/figure>\n\n\n\n<figure class=\"wp-block-image size-large\"><img loading=\"lazy\" decoding=\"async\" width=\"1024\" height=\"767\" src=\"https:\/\/alpakahof-oyten.de\/wp-content\/uploads\/2025\/09\/IMG_0870-1024x767.jpeg\" alt=\"\" class=\"wp-image-1000\" srcset=\"https:\/\/alpakahof-oyten.de\/wp-content\/uploads\/2025\/09\/IMG_0870-1024x767.jpeg 1024w, https:\/\/alpakahof-oyten.de\/wp-content\/uploads\/2025\/09\/IMG_0870-300x225.jpeg 300w, https:\/\/alpakahof-oyten.de\/wp-content\/uploads\/2025\/09\/IMG_0870-768x575.jpeg 768w, https:\/\/alpakahof-oyten.de\/wp-content\/uploads\/2025\/09\/IMG_0870.jpeg 1440w\" sizes=\"auto, (max-width: 1024px) 100vw, 1024px\" \/><\/figure>\n\n\n\n<p>Socken mit \u00d6hrchen\ud83d\ude0d<\/p>\n\n\n\n<figure class=\"wp-block-image size-large\"><img loading=\"lazy\" decoding=\"async\" width=\"1024\" height=\"1024\" src=\"https:\/\/alpakahof-oyten.de\/wp-content\/uploads\/2025\/09\/IMG_2356-1024x1024.jpeg\" alt=\"\" class=\"wp-image-999\" srcset=\"https:\/\/alpakahof-oyten.de\/wp-content\/uploads\/2025\/09\/IMG_2356-1024x1024.jpeg 1024w, https:\/\/alpakahof-oyten.de\/wp-content\/uploads\/2025\/09\/IMG_2356-300x300.jpeg 300w, https:\/\/alpakahof-oyten.de\/wp-content\/uploads\/2025\/09\/IMG_2356-150x150.jpeg 150w, https:\/\/alpakahof-oyten.de\/wp-content\/uploads\/2025\/09\/IMG_2356-768x768.jpeg 768w, https:\/\/alpakahof-oyten.de\/wp-content\/uploads\/2025\/09\/IMG_2356.jpeg 1500w\" sizes=\"auto, (max-width: 1024px) 100vw, 1024px\" \/><\/figure>\n\n\n\n<figure class=\"wp-block-image size-large\"><img loading=\"lazy\" decoding=\"async\" width=\"767\" height=\"1024\" src=\"https:\/\/alpakahof-oyten.de\/wp-content\/uploads\/2023\/03\/36F48B8B-2036-448C-8C72-7BCE98C42BCB-767x1024.jpeg\" alt=\"\" class=\"wp-image-538\" srcset=\"https:\/\/alpakahof-oyten.de\/wp-content\/uploads\/2023\/03\/36F48B8B-2036-448C-8C72-7BCE98C42BCB-767x1024.jpeg 767w, https:\/\/alpakahof-oyten.de\/wp-content\/uploads\/2023\/03\/36F48B8B-2036-448C-8C72-7BCE98C42BCB-225x300.jpeg 225w, https:\/\/alpakahof-oyten.de\/wp-content\/uploads\/2023\/03\/36F48B8B-2036-448C-8C72-7BCE98C42BCB-768x1026.jpeg 768w, https:\/\/alpakahof-oyten.de\/wp-content\/uploads\/2023\/03\/36F48B8B-2036-448C-8C72-7BCE98C42BCB.jpeg 1078w\" sizes=\"auto, (max-width: 767px) 100vw, 767px\" \/><figcaption class=\"wp-element-caption\">Alpaka Bettdecken<\/figcaption><\/figure>\n\n\n\n<figure class=\"wp-block-image size-large\"><img loading=\"lazy\" decoding=\"async\" width=\"1024\" height=\"768\" src=\"https:\/\/alpakahof-oyten.de\/wp-content\/uploads\/2023\/03\/2C5676D7-DA8A-4739-A7A4-205D24AE04E5-1024x768.jpeg\" alt=\"\" class=\"wp-image-539\" srcset=\"https:\/\/alpakahof-oyten.de\/wp-content\/uploads\/2023\/03\/2C5676D7-DA8A-4739-A7A4-205D24AE04E5-1024x768.jpeg 1024w, https:\/\/alpakahof-oyten.de\/wp-content\/uploads\/2023\/03\/2C5676D7-DA8A-4739-A7A4-205D24AE04E5-300x225.jpeg 300w, https:\/\/alpakahof-oyten.de\/wp-content\/uploads\/2023\/03\/2C5676D7-DA8A-4739-A7A4-205D24AE04E5-768x576.jpeg 768w, https:\/\/alpakahof-oyten.de\/wp-content\/uploads\/2023\/03\/2C5676D7-DA8A-4739-A7A4-205D24AE04E5-1536x1152.jpeg 1536w, https:\/\/alpakahof-oyten.de\/wp-content\/uploads\/2023\/03\/2C5676D7-DA8A-4739-A7A4-205D24AE04E5-2048x1536.jpeg 2048w\" sizes=\"auto, (max-width: 1024px) 100vw, 1024px\" \/><figcaption class=\"wp-element-caption\">Alpakakissen aus meinen Tieren <\/figcaption><\/figure>\n\n\n\n<figure class=\"wp-block-image size-large\"><img loading=\"lazy\" decoding=\"async\" width=\"1024\" height=\"768\" src=\"https:\/\/alpakahof-oyten.de\/wp-content\/uploads\/2023\/03\/C03F38CE-7F8C-4B56-9B66-899C0EFF465B-1024x768.jpeg\" alt=\"\" class=\"wp-image-540\" srcset=\"https:\/\/alpakahof-oyten.de\/wp-content\/uploads\/2023\/03\/C03F38CE-7F8C-4B56-9B66-899C0EFF465B-1024x768.jpeg 1024w, https:\/\/alpakahof-oyten.de\/wp-content\/uploads\/2023\/03\/C03F38CE-7F8C-4B56-9B66-899C0EFF465B-300x225.jpeg 300w, https:\/\/alpakahof-oyten.de\/wp-content\/uploads\/2023\/03\/C03F38CE-7F8C-4B56-9B66-899C0EFF465B-768x576.jpeg 768w, https:\/\/alpakahof-oyten.de\/wp-content\/uploads\/2023\/03\/C03F38CE-7F8C-4B56-9B66-899C0EFF465B-1536x1152.jpeg 1536w, https:\/\/alpakahof-oyten.de\/wp-content\/uploads\/2023\/03\/C03F38CE-7F8C-4B56-9B66-899C0EFF465B-2048x1536.jpeg 2048w\" sizes=\"auto, (max-width: 1024px) 100vw, 1024px\" \/><figcaption class=\"wp-element-caption\">Alpaka Bettdecken mit Stickerei Hergestellt aus meinen Tieren<br><br> <\/figcaption><\/figure>\n\n\n\n<figure class=\"wp-block-image size-large\"><img loading=\"lazy\" decoding=\"async\" width=\"1024\" height=\"703\" src=\"https:\/\/alpakahof-oyten.de\/wp-content\/uploads\/2023\/03\/EBA8A6F5-CD16-436F-8530-CD32310C8933-1024x703.jpeg\" alt=\"\" class=\"wp-image-542\" srcset=\"https:\/\/alpakahof-oyten.de\/wp-content\/uploads\/2023\/03\/EBA8A6F5-CD16-436F-8530-CD32310C8933-1024x703.jpeg 1024w, https:\/\/alpakahof-oyten.de\/wp-content\/uploads\/2023\/03\/EBA8A6F5-CD16-436F-8530-CD32310C8933-300x206.jpeg 300w, https:\/\/alpakahof-oyten.de\/wp-content\/uploads\/2023\/03\/EBA8A6F5-CD16-436F-8530-CD32310C8933-768x527.jpeg 768w, https:\/\/alpakahof-oyten.de\/wp-content\/uploads\/2023\/03\/EBA8A6F5-CD16-436F-8530-CD32310C8933.jpeg 1169w\" sizes=\"auto, (max-width: 1024px) 100vw, 1024px\" \/><figcaption class=\"wp-element-caption\">Gutscheine f\u00fcr alle Angebotenen Aktivit\u00e4ten<\/figcaption><\/figure>\n\n\n\n<figure class=\"wp-block-image size-large\"><img loading=\"lazy\" decoding=\"async\" width=\"768\" height=\"1024\" src=\"https:\/\/alpakahof-oyten.de\/wp-content\/uploads\/2024\/06\/IMG_7596-768x1024.jpeg\" alt=\"\" class=\"wp-image-810\" srcset=\"https:\/\/alpakahof-oyten.de\/wp-content\/uploads\/2024\/06\/IMG_7596-768x1024.jpeg 768w, https:\/\/alpakahof-oyten.de\/wp-content\/uploads\/2024\/06\/IMG_7596-225x300.jpeg 225w, https:\/\/alpakahof-oyten.de\/wp-content\/uploads\/2024\/06\/IMG_7596-1152x1536.jpeg 1152w, https:\/\/alpakahof-oyten.de\/wp-content\/uploads\/2024\/06\/IMG_7596-1536x2048.jpeg 1536w, https:\/\/alpakahof-oyten.de\/wp-content\/uploads\/2024\/06\/IMG_7596-scaled.jpeg 1920w\" sizes=\"auto, (max-width: 768px) 100vw, 768px\" \/><\/figure>\n\n\n\n<p>Diese niedlichen Alpaka Figuren wurden aus Keraflott gegossen. Sie sind in drei unterschiedlichen Farben erh\u00e4ltlich (wei\u00df, schwarz und braun)  <\/p>\n\n\n\n<p>H\u00f6he ca. 9,5 cm <\/p>\n\n\n\n<p>Bitte beachtet. Es wird nur hochwertiges Gie\u00dfpulver verwendet, um qualitativ sch\u00f6ne Artikel anbieten zu k\u00f6nnen. Reliefgie\u00dfpulver wird mit Wasser angemischt und in Formen gegossen. Anschlie\u00dfend h\u00e4rtet es aus.&nbsp;&nbsp;Das Material ist nicht bruch- und kratzfest und nicht wasserfest und darf nur trocken oder mit einem nebelfeuchtem Tuch abgewischt werden<\/p>\n\n\n\n<figure class=\"wp-block-image size-large\"><img loading=\"lazy\" decoding=\"async\" width=\"774\" height=\"1024\" src=\"https:\/\/alpakahof-oyten.de\/wp-content\/uploads\/2025\/06\/IMG_9049-774x1024.jpeg\" alt=\"\" class=\"wp-image-979\" srcset=\"https:\/\/alpakahof-oyten.de\/wp-content\/uploads\/2025\/06\/IMG_9049-774x1024.jpeg 774w, https:\/\/alpakahof-oyten.de\/wp-content\/uploads\/2025\/06\/IMG_9049-227x300.jpeg 227w, https:\/\/alpakahof-oyten.de\/wp-content\/uploads\/2025\/06\/IMG_9049-768x1016.jpeg 768w, https:\/\/alpakahof-oyten.de\/wp-content\/uploads\/2025\/06\/IMG_9049-1161x1536.jpeg 1161w, https:\/\/alpakahof-oyten.de\/wp-content\/uploads\/2025\/06\/IMG_9049.jpeg 1206w\" sizes=\"auto, (max-width: 774px) 100vw, 774px\" \/><figcaption class=\"wp-element-caption\">Garn zum H\u00e4keln und Stricken in verschiedenen Farben <\/figcaption><\/figure>\n\n\n\n<figure class=\"wp-block-image size-large\"><img loading=\"lazy\" decoding=\"async\" width=\"576\" height=\"1024\" src=\"https:\/\/alpakahof-oyten.de\/wp-content\/uploads\/2025\/09\/0D996600-3A81-4F16-8205-AE2507B76F96-576x1024.jpeg\" alt=\"\" class=\"wp-image-1001\" srcset=\"https:\/\/alpakahof-oyten.de\/wp-content\/uploads\/2025\/09\/0D996600-3A81-4F16-8205-AE2507B76F96-576x1024.jpeg 576w, https:\/\/alpakahof-oyten.de\/wp-content\/uploads\/2025\/09\/0D996600-3A81-4F16-8205-AE2507B76F96-169x300.jpeg 169w, https:\/\/alpakahof-oyten.de\/wp-content\/uploads\/2025\/09\/0D996600-3A81-4F16-8205-AE2507B76F96-768x1365.jpeg 768w, https:\/\/alpakahof-oyten.de\/wp-content\/uploads\/2025\/09\/0D996600-3A81-4F16-8205-AE2507B76F96-864x1536.jpeg 864w, https:\/\/alpakahof-oyten.de\/wp-content\/uploads\/2025\/09\/0D996600-3A81-4F16-8205-AE2507B76F96-1152x2048.jpeg 1152w, https:\/\/alpakahof-oyten.de\/wp-content\/uploads\/2025\/09\/0D996600-3A81-4F16-8205-AE2507B76F96-scaled.jpeg 1440w\" sizes=\"auto, (max-width: 576px) 100vw, 576px\" \/><\/figure>\n\n\n\n<p>Winter Wendem\u00fctzen<\/p>\n\n\n\n<figure class=\"wp-block-image size-large\"><img loading=\"lazy\" decoding=\"async\" width=\"768\" height=\"1024\" src=\"https:\/\/alpakahof-oyten.de\/wp-content\/uploads\/2025\/10\/IMG_2165-768x1024.jpeg\" alt=\"\" class=\"wp-image-1027\" srcset=\"https:\/\/alpakahof-oyten.de\/wp-content\/uploads\/2025\/10\/IMG_2165-768x1024.jpeg 768w, https:\/\/alpakahof-oyten.de\/wp-content\/uploads\/2025\/10\/IMG_2165-225x300.jpeg 225w, https:\/\/alpakahof-oyten.de\/wp-content\/uploads\/2025\/10\/IMG_2165-1152x1536.jpeg 1152w, https:\/\/alpakahof-oyten.de\/wp-content\/uploads\/2025\/10\/IMG_2165-1536x2048.jpeg 1536w, https:\/\/alpakahof-oyten.de\/wp-content\/uploads\/2025\/10\/IMG_2165-scaled.jpeg 1920w\" sizes=\"auto, (max-width: 768px) 100vw, 768px\" \/><\/figure>\n\n\n\n<p><\/p>\n\n\n\n<figure class=\"wp-block-image size-large\"><img loading=\"lazy\" decoding=\"async\" width=\"657\" height=\"1024\" src=\"https:\/\/alpakahof-oyten.de\/wp-content\/uploads\/2025\/09\/IMG_1567-657x1024.jpeg\" alt=\"\" class=\"wp-image-1003\" srcset=\"https:\/\/alpakahof-oyten.de\/wp-content\/uploads\/2025\/09\/IMG_1567-657x1024.jpeg 657w, https:\/\/alpakahof-oyten.de\/wp-content\/uploads\/2025\/09\/IMG_1567-193x300.jpeg 193w, https:\/\/alpakahof-oyten.de\/wp-content\/uploads\/2025\/09\/IMG_1567-768x1196.jpeg 768w, https:\/\/alpakahof-oyten.de\/wp-content\/uploads\/2025\/09\/IMG_1567-986x1536.jpeg 986w, https:\/\/alpakahof-oyten.de\/wp-content\/uploads\/2025\/09\/IMG_1567.jpeg 1067w\" sizes=\"auto, (max-width: 657px) 100vw, 657px\" \/><\/figure>\n\n\n\n<p>Alpaka Schal UNI aus 100% Baby Alpaka (30*180 cm)<\/p>\n\n\n\n<figure class=\"wp-block-image size-large\"><img loading=\"lazy\" decoding=\"async\" width=\"611\" height=\"1024\" src=\"https:\/\/alpakahof-oyten.de\/wp-content\/uploads\/2025\/09\/IMG_1568-611x1024.jpeg\" alt=\"\" class=\"wp-image-1005\" srcset=\"https:\/\/alpakahof-oyten.de\/wp-content\/uploads\/2025\/09\/IMG_1568-611x1024.jpeg 611w, https:\/\/alpakahof-oyten.de\/wp-content\/uploads\/2025\/09\/IMG_1568-179x300.jpeg 179w, https:\/\/alpakahof-oyten.de\/wp-content\/uploads\/2025\/09\/IMG_1568-768x1287.jpeg 768w, https:\/\/alpakahof-oyten.de\/wp-content\/uploads\/2025\/09\/IMG_1568-917x1536.jpeg 917w, https:\/\/alpakahof-oyten.de\/wp-content\/uploads\/2025\/09\/IMG_1568.jpeg 1004w\" sizes=\"auto, (max-width: 611px) 100vw, 611px\" \/><figcaption class=\"wp-element-caption\">Alpaka Handschuhe HALBFINGER aus 100% Baby Alpaka<br><br><\/figcaption><\/figure>\n\n\n\n<figure class=\"wp-block-image size-large\"><img loading=\"lazy\" decoding=\"async\" width=\"519\" height=\"1024\" src=\"https:\/\/alpakahof-oyten.de\/wp-content\/uploads\/2025\/09\/IMG_1569-519x1024.jpeg\" alt=\"\" class=\"wp-image-1007\" srcset=\"https:\/\/alpakahof-oyten.de\/wp-content\/uploads\/2025\/09\/IMG_1569-519x1024.jpeg 519w, https:\/\/alpakahof-oyten.de\/wp-content\/uploads\/2025\/09\/IMG_1569-152x300.jpeg 152w, https:\/\/alpakahof-oyten.de\/wp-content\/uploads\/2025\/09\/IMG_1569-768x1515.jpeg 768w, https:\/\/alpakahof-oyten.de\/wp-content\/uploads\/2025\/09\/IMG_1569-779x1536.jpeg 779w, https:\/\/alpakahof-oyten.de\/wp-content\/uploads\/2025\/09\/IMG_1569.jpeg 836w\" sizes=\"auto, (max-width: 519px) 100vw, 519px\" \/><figcaption class=\"wp-element-caption\">Alpaka Fingerhandschuhe CHIMU aus 100% Baby Alpaka<\/figcaption><\/figure>\n\n\n\n<figure class=\"wp-block-image size-large\"><img loading=\"lazy\" decoding=\"async\" width=\"631\" height=\"1024\" src=\"https:\/\/alpakahof-oyten.de\/wp-content\/uploads\/2025\/09\/IMG_1570-631x1024.jpeg\" alt=\"\" class=\"wp-image-1009\" srcset=\"https:\/\/alpakahof-oyten.de\/wp-content\/uploads\/2025\/09\/IMG_1570-631x1024.jpeg 631w, https:\/\/alpakahof-oyten.de\/wp-content\/uploads\/2025\/09\/IMG_1570-185x300.jpeg 185w, https:\/\/alpakahof-oyten.de\/wp-content\/uploads\/2025\/09\/IMG_1570-768x1246.jpeg 768w, https:\/\/alpakahof-oyten.de\/wp-content\/uploads\/2025\/09\/IMG_1570-947x1536.jpeg 947w, https:\/\/alpakahof-oyten.de\/wp-content\/uploads\/2025\/09\/IMG_1570.jpeg 1030w\" sizes=\"auto, (max-width: 631px) 100vw, 631px\" \/><figcaption class=\"wp-element-caption\"><br><\/figcaption><\/figure>\n\n\n\n<figure class=\"wp-block-image size-large\"><img loading=\"lazy\" decoding=\"async\" width=\"588\" height=\"1024\" src=\"https:\/\/alpakahof-oyten.de\/wp-content\/uploads\/2025\/09\/IMG_1571-588x1024.jpeg\" alt=\"\" class=\"wp-image-1010\" srcset=\"https:\/\/alpakahof-oyten.de\/wp-content\/uploads\/2025\/09\/IMG_1571-588x1024.jpeg 588w, https:\/\/alpakahof-oyten.de\/wp-content\/uploads\/2025\/09\/IMG_1571-172x300.jpeg 172w, https:\/\/alpakahof-oyten.de\/wp-content\/uploads\/2025\/09\/IMG_1571-768x1337.jpeg 768w, https:\/\/alpakahof-oyten.de\/wp-content\/uploads\/2025\/09\/IMG_1571.jpeg 850w\" sizes=\"auto, (max-width: 588px) 100vw, 588px\" \/><\/figure>\n\n\n\n<p>Alpaka Gef\u00fctterte Fingerhandschuhe UNI aus 100% Alpaka<\/p>\n\n\n\n<figure class=\"wp-block-image size-large\"><img loading=\"lazy\" decoding=\"async\" width=\"768\" height=\"1024\" src=\"https:\/\/alpakahof-oyten.de\/wp-content\/uploads\/2025\/10\/IMG_2162-1-768x1024.jpeg\" alt=\"\" class=\"wp-image-1019\" srcset=\"https:\/\/alpakahof-oyten.de\/wp-content\/uploads\/2025\/10\/IMG_2162-1-768x1024.jpeg 768w, https:\/\/alpakahof-oyten.de\/wp-content\/uploads\/2025\/10\/IMG_2162-1-225x300.jpeg 225w, https:\/\/alpakahof-oyten.de\/wp-content\/uploads\/2025\/10\/IMG_2162-1-1152x1536.jpeg 1152w, https:\/\/alpakahof-oyten.de\/wp-content\/uploads\/2025\/10\/IMG_2162-1-1536x2048.jpeg 1536w, https:\/\/alpakahof-oyten.de\/wp-content\/uploads\/2025\/10\/IMG_2162-1-scaled.jpeg 1920w\" sizes=\"auto, (max-width: 768px) 100vw, 768px\" \/><\/figure>\n\n\n\n<figure class=\"wp-block-image size-large\"><img loading=\"lazy\" decoding=\"async\" width=\"1024\" height=\"1024\" src=\"https:\/\/alpakahof-oyten.de\/wp-content\/uploads\/2025\/10\/IMG_2178-1024x1024.jpeg\" alt=\"\" class=\"wp-image-1025\" srcset=\"https:\/\/alpakahof-oyten.de\/wp-content\/uploads\/2025\/10\/IMG_2178-1024x1024.jpeg 1024w, https:\/\/alpakahof-oyten.de\/wp-content\/uploads\/2025\/10\/IMG_2178-300x300.jpeg 300w, https:\/\/alpakahof-oyten.de\/wp-content\/uploads\/2025\/10\/IMG_2178-150x150.jpeg 150w, https:\/\/alpakahof-oyten.de\/wp-content\/uploads\/2025\/10\/IMG_2178-768x768.jpeg 768w, https:\/\/alpakahof-oyten.de\/wp-content\/uploads\/2025\/10\/IMG_2178.jpeg 1500w\" sizes=\"auto, (max-width: 1024px) 100vw, 1024px\" \/><\/figure>\n\n\n\n<p>Alpakam\u00fctze PARIS im attraktivem Strickmuster, gefertigt aus reiner Alpaka (ECO-Babyalpaka)-faser. Die M\u00fctze hat einen feinen Umschlag im Rippenstrick; dieser garantiert einen perfekten Sitz am Kopf. Diese M\u00fctze kommt inklusive eines farblich abgestimmten Premium-Fellbommels. Dieser ist zum Waschen abnehmbar.<\/p>\n\n\n\n<ul class=\"wp-block-list\">\n<li>Material: 100% Alpaka (ECO-Babyalpaka)<\/li>\n<\/ul>\n\n\n\n<figure class=\"wp-block-image size-large\"><img loading=\"lazy\" decoding=\"async\" width=\"635\" height=\"1024\" src=\"https:\/\/alpakahof-oyten.de\/wp-content\/uploads\/2025\/12\/IMG_3761-1-635x1024.jpeg\" alt=\"\" class=\"wp-image-1045\" srcset=\"https:\/\/alpakahof-oyten.de\/wp-content\/uploads\/2025\/12\/IMG_3761-1-635x1024.jpeg 635w, https:\/\/alpakahof-oyten.de\/wp-content\/uploads\/2025\/12\/IMG_3761-1-186x300.jpeg 186w, https:\/\/alpakahof-oyten.de\/wp-content\/uploads\/2025\/12\/IMG_3761-1-768x1239.jpeg 768w, https:\/\/alpakahof-oyten.de\/wp-content\/uploads\/2025\/12\/IMG_3761-1-952x1536.jpeg 952w, https:\/\/alpakahof-oyten.de\/wp-content\/uploads\/2025\/12\/IMG_3761-1.jpeg 992w\" sizes=\"auto, (max-width: 635px) 100vw, 635px\" \/><\/figure>\n\n\n\n<p>Alpaka Hausschuhe <\/p>\n\n\n\n<figure class=\"wp-block-image size-large\"><img loading=\"lazy\" decoding=\"async\" width=\"695\" height=\"1024\" src=\"https:\/\/alpakahof-oyten.de\/wp-content\/uploads\/2025\/12\/IMG_3762-695x1024.jpeg\" alt=\"\" class=\"wp-image-1046\" srcset=\"https:\/\/alpakahof-oyten.de\/wp-content\/uploads\/2025\/12\/IMG_3762-695x1024.jpeg 695w, https:\/\/alpakahof-oyten.de\/wp-content\/uploads\/2025\/12\/IMG_3762-204x300.jpeg 204w, https:\/\/alpakahof-oyten.de\/wp-content\/uploads\/2025\/12\/IMG_3762-768x1131.jpeg 768w, https:\/\/alpakahof-oyten.de\/wp-content\/uploads\/2025\/12\/IMG_3762-1043x1536.jpeg 1043w, https:\/\/alpakahof-oyten.de\/wp-content\/uploads\/2025\/12\/IMG_3762.jpeg 1086w\" sizes=\"auto, (max-width: 695px) 100vw, 695px\" \/><\/figure>\n\n\n\n<figure class=\"wp-block-image size-large\"><img loading=\"lazy\" decoding=\"async\" width=\"531\" height=\"1024\" src=\"https:\/\/alpakahof-oyten.de\/wp-content\/uploads\/2025\/12\/IMG_3765-531x1024.jpeg\" alt=\"\" class=\"wp-image-1047\" srcset=\"https:\/\/alpakahof-oyten.de\/wp-content\/uploads\/2025\/12\/IMG_3765-531x1024.jpeg 531w, https:\/\/alpakahof-oyten.de\/wp-content\/uploads\/2025\/12\/IMG_3765-156x300.jpeg 156w, https:\/\/alpakahof-oyten.de\/wp-content\/uploads\/2025\/12\/IMG_3765-768x1480.jpeg 768w, https:\/\/alpakahof-oyten.de\/wp-content\/uploads\/2025\/12\/IMG_3765-797x1536.jpeg 797w, https:\/\/alpakahof-oyten.de\/wp-content\/uploads\/2025\/12\/IMG_3765.jpeg 830w\" sizes=\"auto, (max-width: 531px) 100vw, 531px\" \/><\/figure>\n\n\n\n<p><\/p>\n","protected":false},"excerpt":{"rendered":"<p>Ge\u00f6ffnet nur nach Absprache Socken mit \u00d6hrchen\ud83d\ude0d Diese niedlichen Alpaka Figuren wurden aus Keraflott gegossen. Sie sind in drei unterschiedlichen Farben erh\u00e4ltlich (wei\u00df, schwarz und braun) H\u00f6he ca. 9,5 cm Bitte beachtet. Es wird nur hochwertiges Gie\u00dfpulver verwendet, um qualitativ sch\u00f6ne Artikel anbieten zu k\u00f6nnen. Reliefgie\u00dfpulver wird mit Wasser angemischt und in Formen gegossen. Anschlie\u00dfend [&hellip;]<\/p>\n","protected":false},"author":1,"featured_media":0,"parent":0,"menu_order":0,"comment_status":"closed","ping_status":"closed","template":"","meta":{"footnotes":""},"class_list":["post-532","page","type-page","status-publish","hentry"],"_links":{"self":[{"href":"https:\/\/alpakahof-oyten.de\/index.html\/wp-json\/wp\/v2\/pages\/532","targetHints":{"allow":["GET"]}}],"collection":[{"href":"https:\/\/alpakahof-oyten.de\/index.html\/wp-json\/wp\/v2\/pages"}],"about":[{"href":"https:\/\/alpakahof-oyten.de\/index.html\/wp-json\/wp\/v2\/types\/page"}],"author":[{"embeddable":true,"href":"https:\/\/alpakahof-oyten.de\/index.html\/wp-json\/wp\/v2\/users\/1"}],"replies":[{"embeddable":true,"href":"https:\/\/alpakahof-oyten.de\/index.html\/wp-json\/wp\/v2\/comments?post=532"}],"version-history":[{"count":19,"href":"https:\/\/alpakahof-oyten.de\/index.html\/wp-json\/wp\/v2\/pages\/532\/revisions"}],"predecessor-version":[{"id":1048,"href":"https:\/\/alpakahof-oyten.de\/index.html\/wp-json\/wp\/v2\/pages\/532\/revisions\/1048"}],"wp:attachment":[{"href":"https:\/\/alpakahof-oyten.de\/index.html\/wp-json\/wp\/v2\/media?parent=532"}],"curies":[{"name":"wp","href":"https:\/\/api.w.org\/{rel}","templated":true}]}}