{"id":58,"date":"2023-01-03T18:15:07","date_gmt":"2023-01-03T17:15:07","guid":{"rendered":"https:\/\/alpakahof-oyten.de\/?page_id=58"},"modified":"2024-07-26T13:26:40","modified_gmt":"2024-07-26T11:26:40","slug":"impressum","status":"publish","type":"page","link":"http:\/\/alpakahof-oyten.de\/index.html\/impressum\/","title":{"rendered":"Impressum"},"content":{"rendered":"\n<p><\/p>\n\n\n\n<p>Martina Osmers \u2013 Alpakahof Oyten<br>Stra\u00dfe Nr.: Achimer Stra\u00dfe 57<\/p>\n\n\n\n<p>PLZ, Ort, Land: 28876 Oyten, Deutschland<\/p>\n\n\n\n<p>Telefonnummer: 01726063425<\/p>\n\n\n\n<p>E-Mailadresse: Alpakahof-Oyten@web.de<\/p>\n\n\n\n<p><strong><br><\/strong>Umsatzsatzsteuer-ID:\u00a0DE 48 242 16825<\/p>\n\n\n\n<p>Haftungshinweis: Trotz sorgf\u00e4ltiger inhaltlicher Kontrolle \u00fcbernehmen wir keine Haftung f\u00fcr die Inhalte externer Links. F\u00fcr den Inhalt der verlinkten Seiten sind ausschlie\u00dflich deren Betreiber verantwortlich.<\/p>\n\n\n\n<p>Gestaltung und Umsetzung:<\/p>\n\n\n\n<p>Martina Osmers<br><\/p>\n","protected":false},"excerpt":{"rendered":"<p>Martina Osmers \u2013 Alpakahof OytenStra\u00dfe Nr.: Achimer Stra\u00dfe 57 PLZ, Ort, Land: 28876 Oyten, Deutschland Telefonnummer: 01726063425 E-Mailadresse: Alpakahof-Oyten@web.de Umsatzsatzsteuer-ID:\u00a0DE 48 242 16825 Haftungshinweis: Trotz sorgf\u00e4ltiger inhaltlicher Kontrolle \u00fcbernehmen wir keine Haftung f\u00fcr die Inhalte externer Links. F\u00fcr den Inhalt der verlinkten Seiten sind ausschlie\u00dflich deren Betreiber verantwortlich. Gestaltung und Umsetzung: Martina Osmers<\/p>\n","protected":false},"author":1,"featured_media":0,"parent":0,"menu_order":0,"comment_status":"closed","ping_status":"closed","template":"","meta":{"footnotes":""},"class_list":["post-58","page","type-page","status-publish","hentry"],"_links":{"self":[{"href":"http:\/\/alpakahof-oyten.de\/index.html\/wp-json\/wp\/v2\/pages\/58","targetHints":{"allow":["GET"]}}],"collection":[{"href":"http:\/\/alpakahof-oyten.de\/index.html\/wp-json\/wp\/v2\/pages"}],"about":[{"href":"http:\/\/alpakahof-oyten.de\/index.html\/wp-json\/wp\/v2\/types\/page"}],"author":[{"embeddable":true,"href":"http:\/\/alpakahof-oyten.de\/index.html\/wp-json\/wp\/v2\/users\/1"}],"replies":[{"embeddable":true,"href":"http:\/\/alpakahof-oyten.de\/index.html\/wp-json\/wp\/v2\/comments?post=58"}],"version-history":[{"count":7,"href":"http:\/\/alpakahof-oyten.de\/index.html\/wp-json\/wp\/v2\/pages\/58\/revisions"}],"predecessor-version":[{"id":824,"href":"http:\/\/alpakahof-oyten.de\/index.html\/wp-json\/wp\/v2\/pages\/58\/revisions\/824"}],"wp:attachment":[{"href":"http:\/\/alpakahof-oyten.de\/index.html\/wp-json\/wp\/v2\/media?parent=58"}],"curies":[{"name":"wp","href":"https:\/\/api.w.org\/{rel}","templated":true}]}}