{"id":335,"date":"2023-01-27T20:32:41","date_gmt":"2023-01-27T19:32:41","guid":{"rendered":"https:\/\/alpakahof-oyten.de\/index.html\/?page_id=335"},"modified":"2026-02-26T09:33:15","modified_gmt":"2026-02-26T08:33:15","slug":"deckhengste","status":"publish","type":"page","link":"http:\/\/alpakahof-oyten.de\/index.html\/deckhengste\/","title":{"rendered":"Deckhengste"},"content":{"rendered":"\n<p class=\"has-x-large-font-size\">WIT Roter Baron <\/p>\n\n\n\n<figure class=\"wp-block-image size-large\"><img loading=\"lazy\" decoding=\"async\" width=\"768\" height=\"1024\" src=\"https:\/\/alpakahof-oyten.de\/wp-content\/uploads\/2023\/01\/IMG_8162-768x1024.jpg\" alt=\"\" class=\"wp-image-339\" srcset=\"http:\/\/alpakahof-oyten.de\/wp-content\/uploads\/2023\/01\/IMG_8162-768x1024.jpg 768w, http:\/\/alpakahof-oyten.de\/wp-content\/uploads\/2023\/01\/IMG_8162-225x300.jpg 225w, http:\/\/alpakahof-oyten.de\/wp-content\/uploads\/2023\/01\/IMG_8162-1152x1536.jpg 1152w, http:\/\/alpakahof-oyten.de\/wp-content\/uploads\/2023\/01\/IMG_8162.jpg 1536w\" sizes=\"auto, (max-width: 768px) 100vw, 768px\" \/><\/figure>\n\n\n\n<p><em><strong>WIT Roter Baron <\/strong>(geb. 10.06.2012) hat eine ganz bezaubernde Ausstrahlung!<\/em><br><em>Abstammend von der erfolgreichen Stute (Wittekind Alpakas) WIT Rosalie, hat er Rosalies wundervolle Aura geerbt.<\/em><\/p>\n\n\n\n<p>WIT Roter Barons Faser ist ein Traum! Er hat ein wunderbares Handle, verbunden mit einem sehr gut ausgepr\u00e4gten Crimpund starken Glanz. Die Kombination aus Feinheit und einem ausgepr\u00e4gten High Frequency Crimp verleihen ihm zus\u00e4tzlich eine sch\u00f6ne Dichte. Die wundersch\u00f6nen Stapel lassen sich sehr geordnet \u00f6ffnen.<\/p>\n\n\n\n<p>Seine rosa graue Mutter WIT Rosalie wurde auf den Shows mehrfach erfolgreich platziert und mit dem Titel Reserve Champion Grey ausgezeichnet. Zudem erreichte sie bei der ZEP 96 Punkte. Aber auch ihre Nachkommen sind erfolgreich.<\/p>\n\n\n\n<p>Sein Vater ist QAI Alexander, Alexander geh\u00f6rte im Wittekind Stall zu einem sehr guten Newcomer. Das belegen sowohl die ersten ZEP-Bewertungen seiner Nachzuchten, aber vor allem die unglaublich sch\u00f6nen Vliese seiner Fohlen. Sie sind sehr dicht und haben alle einen ausgepr\u00e4gten Crimp und Glanz, abgerundet wird all das mit einem tollen stark bewollten Aussehen. Eine Besonderheit seiner Vererbung m\u00f6chte ich Ihnen nicht vorenthalten. Alexander vererbt fast alle Farben; von schwarz, \u00fcber grau, fawn und wei\u00df ist alles dabei.<\/p>\n\n\n\n<p>\u00dcber seine Mutter WIT Rosalie flie\u00dft das Blut des bekannten und sehr erfolgreichen schwarzen Deckhengstes QAI Owomoyela in seinen Adern. Owomoyela geh\u00f6rt wohl mit zu den erfolgreichsten schwarzen Hengsten in Deutschland, gemessen an seinen Showerfolgen und ZEP Bewertungen. Sein Vlies erhielt zuletzt auf einer Vliesshow in der Schweiz 74 Punkte; herausragend f\u00fcr einen schwarzen Hengst und das aber dazu noch bei einem bereits 5 J\u00e4hriges Vlies.<\/p>\n\n\n\n<p>Decktaxe 850\u20ac zzgl. MwSt<\/p>\n\n\n\n<p><br><\/p>\n\n\n\n<p><\/p>\n\n\n\n<p class=\"has-x-large-font-size\">WIT Bisturi Grey Samurai<\/p>\n\n\n\n<figure class=\"wp-block-image size-large\"><img loading=\"lazy\" decoding=\"async\" width=\"768\" height=\"1024\" src=\"https:\/\/alpakahof-oyten.de\/wp-content\/uploads\/2023\/03\/2351E89D-ECB7-481A-918E-B990359ADB56-768x1024.jpeg\" alt=\"\" class=\"wp-image-527\" srcset=\"http:\/\/alpakahof-oyten.de\/wp-content\/uploads\/2023\/03\/2351E89D-ECB7-481A-918E-B990359ADB56-768x1024.jpeg 768w, http:\/\/alpakahof-oyten.de\/wp-content\/uploads\/2023\/03\/2351E89D-ECB7-481A-918E-B990359ADB56-225x300.jpeg 225w, http:\/\/alpakahof-oyten.de\/wp-content\/uploads\/2023\/03\/2351E89D-ECB7-481A-918E-B990359ADB56-1152x1536.jpeg 1152w, http:\/\/alpakahof-oyten.de\/wp-content\/uploads\/2023\/03\/2351E89D-ECB7-481A-918E-B990359ADB56-1536x2048.jpeg 1536w, http:\/\/alpakahof-oyten.de\/wp-content\/uploads\/2023\/03\/2351E89D-ECB7-481A-918E-B990359ADB56-scaled.jpeg 1920w\" sizes=\"auto, (max-width: 768px) 100vw, 768px\" \/><\/figure>\n\n\n\n<figure class=\"wp-block-image size-large\"><img loading=\"lazy\" decoding=\"async\" width=\"473\" height=\"1024\" src=\"https:\/\/alpakahof-oyten.de\/wp-content\/uploads\/2023\/03\/E81EDBA2-18F7-4370-B1F0-40B71F5CC4C1-473x1024.png\" alt=\"\" class=\"wp-image-526\" srcset=\"http:\/\/alpakahof-oyten.de\/wp-content\/uploads\/2023\/03\/E81EDBA2-18F7-4370-B1F0-40B71F5CC4C1-473x1024.png 473w, http:\/\/alpakahof-oyten.de\/wp-content\/uploads\/2023\/03\/E81EDBA2-18F7-4370-B1F0-40B71F5CC4C1-139x300.png 139w, http:\/\/alpakahof-oyten.de\/wp-content\/uploads\/2023\/03\/E81EDBA2-18F7-4370-B1F0-40B71F5CC4C1-768x1662.png 768w, http:\/\/alpakahof-oyten.de\/wp-content\/uploads\/2023\/03\/E81EDBA2-18F7-4370-B1F0-40B71F5CC4C1-710x1536.png 710w, http:\/\/alpakahof-oyten.de\/wp-content\/uploads\/2023\/03\/E81EDBA2-18F7-4370-B1F0-40B71F5CC4C1-946x2048.png 946w, http:\/\/alpakahof-oyten.de\/wp-content\/uploads\/2023\/03\/E81EDBA2-18F7-4370-B1F0-40B71F5CC4C1.png 1170w\" sizes=\"auto, (max-width: 473px) 100vw, 473px\" \/><\/figure>\n\n\n\n<figure class=\"wp-block-image size-large\"><img loading=\"lazy\" decoding=\"async\" width=\"1024\" height=\"768\" src=\"https:\/\/alpakahof-oyten.de\/wp-content\/uploads\/2023\/03\/E9D758FD-9E50-4314-8D32-E034BEA153A2-1024x768.jpeg\" alt=\"\" class=\"wp-image-525\" srcset=\"http:\/\/alpakahof-oyten.de\/wp-content\/uploads\/2023\/03\/E9D758FD-9E50-4314-8D32-E034BEA153A2-1024x768.jpeg 1024w, http:\/\/alpakahof-oyten.de\/wp-content\/uploads\/2023\/03\/E9D758FD-9E50-4314-8D32-E034BEA153A2-300x225.jpeg 300w, http:\/\/alpakahof-oyten.de\/wp-content\/uploads\/2023\/03\/E9D758FD-9E50-4314-8D32-E034BEA153A2-768x576.jpeg 768w, http:\/\/alpakahof-oyten.de\/wp-content\/uploads\/2023\/03\/E9D758FD-9E50-4314-8D32-E034BEA153A2-1536x1152.jpeg 1536w, http:\/\/alpakahof-oyten.de\/wp-content\/uploads\/2023\/03\/E9D758FD-9E50-4314-8D32-E034BEA153A2.jpeg 2048w\" sizes=\"auto, (max-width: 1024px) 100vw, 1024px\" \/><\/figure>\n\n\n\n<figure class=\"wp-block-image size-full is-resized\"><img loading=\"lazy\" decoding=\"async\" width=\"508\" height=\"600\" src=\"https:\/\/alpakahof-oyten.de\/wp-content\/uploads\/2023\/01\/IMG_4554.jpg\" alt=\"\" class=\"wp-image-341\" style=\"width:390px;height:460px\" srcset=\"http:\/\/alpakahof-oyten.de\/wp-content\/uploads\/2023\/01\/IMG_4554.jpg 508w, http:\/\/alpakahof-oyten.de\/wp-content\/uploads\/2023\/01\/IMG_4554-254x300.jpg 254w\" sizes=\"auto, (max-width: 508px) 100vw, 508px\" \/><\/figure>\n\n\n\n<p><br><em><strong>WIT Bisturi\u2018s Grey Samurai<\/strong> (geb. 05.06.2016) ist ein kr\u00e4ftiger, silbergrauer Deckhengst von \u201eWittekind-Alpakas\u201c, der in<\/em> <em>diesem Jahr beim \u201eAlpakahof Oyten\u201c bei mir f\u00fcr den Deckeinsatz zur Verf\u00fcgung steht.<\/em><br><em>Seine hervorstechende silbergraue Farbe, das sehr gute Vlieswachstum und sein ruhiger Charakter<\/em> <em>machen ihn f\u00fcr jeden Alpakaz\u00fcchter interessant.<\/em><br><em>Vater: Herdbergs Bisturi<\/em><br><em>Mutter: WIT Candy-Girl,<\/em><br><em>Vater Herdbergs Bisturi:<\/em><br><em>Bisturi hat mit seinen nunmehr 18 Jahren immer noch ein sagenhaftes, gleichm\u00e4\u00dfiges, graufarbiges Vlies.<\/em> <em>Er hat einen beeindruckenden Stammbaum,. Dieser zeigt, dass er nicht nur graue Farbe vererben<\/em> <em>kann, sondern durchaus auch schwarze Farbe. Von \u00fcber 100 Nachkommen sind 55 graue und 25schwarze Tiere vererbt worden. Bisturi ist ein fabelhafter Hengst mit unz\u00e4hligen Siegen, auf denen e<\/em> <em>seine Einzigartigkeit unter Beweis stellte.<\/em> <em>Seine Fohlen zeichnen sich vor allem durch einen tollen Tru To Type K\u00f6rper aus und beim Vlies durch sehr lange Faser<\/em> des grauen Tieres.<\/p>\n\n\n\n<p>Decktaxe 1000\u20ac zzgl. MwSt<\/p>\n\n\n\n<figure class=\"wp-block-image size-large\"><img loading=\"lazy\" decoding=\"async\" width=\"888\" height=\"1024\" src=\"https:\/\/alpakahof-oyten.de\/wp-content\/uploads\/2023\/01\/Scannable-Dokument-2-888x1024.jpg\" alt=\"\" class=\"wp-image-342\" srcset=\"http:\/\/alpakahof-oyten.de\/wp-content\/uploads\/2023\/01\/Scannable-Dokument-2-888x1024.jpg 888w, http:\/\/alpakahof-oyten.de\/wp-content\/uploads\/2023\/01\/Scannable-Dokument-2-260x300.jpg 260w, http:\/\/alpakahof-oyten.de\/wp-content\/uploads\/2023\/01\/Scannable-Dokument-2-768x885.jpg 768w, http:\/\/alpakahof-oyten.de\/wp-content\/uploads\/2023\/01\/Scannable-Dokument-2-1332x1536.jpg 1332w, http:\/\/alpakahof-oyten.de\/wp-content\/uploads\/2023\/01\/Scannable-Dokument-2-1777x2048.jpg 1777w\" sizes=\"auto, (max-width: 888px) 100vw, 888px\" \/><\/figure>\n\n\n\n<figure class=\"wp-block-image size-large\"><img loading=\"lazy\" decoding=\"async\" width=\"819\" height=\"1024\" src=\"https:\/\/alpakahof-oyten.de\/wp-content\/uploads\/2023\/01\/241347713_1612870775554562_7453808181174998138_n-819x1024.jpg\" alt=\"\" class=\"wp-image-343\" srcset=\"http:\/\/alpakahof-oyten.de\/wp-content\/uploads\/2023\/01\/241347713_1612870775554562_7453808181174998138_n-819x1024.jpg 819w, http:\/\/alpakahof-oyten.de\/wp-content\/uploads\/2023\/01\/241347713_1612870775554562_7453808181174998138_n-240x300.jpg 240w, http:\/\/alpakahof-oyten.de\/wp-content\/uploads\/2023\/01\/241347713_1612870775554562_7453808181174998138_n-768x960.jpg 768w, http:\/\/alpakahof-oyten.de\/wp-content\/uploads\/2023\/01\/241347713_1612870775554562_7453808181174998138_n-1229x1536.jpg 1229w, http:\/\/alpakahof-oyten.de\/wp-content\/uploads\/2023\/01\/241347713_1612870775554562_7453808181174998138_n.jpg 1440w\" sizes=\"auto, (max-width: 819px) 100vw, 819px\" \/><\/figure>\n\n\n\n<p><\/p>\n\n\n\n<p><br><\/p>\n\n\n\n<p><br><\/p>\n\n\n\n<p class=\"has-x-large-font-size\"><strong>WIT Elvis<\/strong><\/p>\n\n\n\n<figure class=\"wp-block-image size-full\"><img loading=\"lazy\" decoding=\"async\" width=\"768\" height=\"512\" src=\"https:\/\/alpakahof-oyten.de\/wp-content\/uploads\/2023\/01\/139553862_1449087961932845_1513711436630286095_n.jpg\" alt=\"\" class=\"wp-image-344\" srcset=\"http:\/\/alpakahof-oyten.de\/wp-content\/uploads\/2023\/01\/139553862_1449087961932845_1513711436630286095_n.jpg 768w, http:\/\/alpakahof-oyten.de\/wp-content\/uploads\/2023\/01\/139553862_1449087961932845_1513711436630286095_n-300x200.jpg 300w\" sizes=\"auto, (max-width: 768px) 100vw, 768px\" \/><\/figure>\n\n\n\n<p><em><strong>WIT Elvis <\/strong><\/em>(geb. 30.04.2016) <em>ist ein ganz besonderes Tier!<\/em><br><em>Er hat einen sanftm\u00fctigen Charakter und verf\u00fcgt \u00fcber Eigenschaften, die sich alle Alpakahalter w\u00fcnschen; einen kr\u00e4ftigen K\u00f6rperbau, eine satte braune Farbe ohne Spots, mit einem enormen<\/em> <em>Vlieswachstum. Auch seine Vorfahren oder Geschwister sind Alpakaz\u00fcchtern wohlbekannt<\/em>.<br><em>Vater: Wessex Peruvian Julio,<\/em><br><em>Mutter: Wit Odyssee (QAI Brooklyn und QAI Owomoyela<\/em><br><em>Geschwister: Wit Odysseus und Wit Windrose<\/em><br><em>Elvis wird in diesem Jahr auf dem \u201eAlpakahof Oyten\u201c bei mir f\u00fcr den Deckeinsatz zur Verf\u00fcgung stehen!<\/em><br><em>Vater Wessex Peruvian Julio: Er war nicht nur ein einflussstarker und erfolgreicher Vererber f\u00fcr die<\/em> <em>Tiere von Alpaca Holland. Nach eigenen Angaben ist er bis heute der Lieblingshengst von Jan van den<\/em> <em>Hoek und seiner Frau.<\/em><br><em>Julio wurde vor einigen Jahren bereits in einem ganz jungen Alter von Jan van den Hoek aus der<\/em> <em>\u201eWessex-Herde\u201c importiert. Diese war international bekannt f\u00fcr herausragende Qualit\u00e4t. Die \u201eAlpaca Holland-Herde\u201c war ebenfalls von \u00e4u\u00dferst hoher Qualit\u00e4t und hat auch heute noch einen sehr starken Einfluss auf die Zucht in Mitteleuropa (Deutschland, Niederlande, \u00d6sterreich, Belgien,<\/em> <em>und Tschechien).<\/em><br><em>Viele Jahre lang war Accoyo Amando das Gesicht von Alpaca Holland. Nach seinem Tod trat Julio in<\/em> <em>diese gro\u00dfen Fu\u00dfstapfen und erf\u00fcllte \u2013 wenn nicht sogar \u00fcbertraf \u2013 die hohen Erwartungen.<\/em> <em>Mittlerweile hatte Julio sich zu einer entscheidenden S\u00e4ule in der Zucht von Jan van den Hoek<\/em> <em>gemacht.<\/em> <em>Julio selbst ist ein Hengst der Extraklasse. Er vereint alle Attribute, die ein wahrer Elite-Hengst<\/em> <em>mitbringen sollte. Er war selbst sehr erfolgreich auf Shows. Julio wurde nur ein einziges Mal auf einer<\/em> <em>Show vorgestellt, doch dieser Auftritt gen\u00fcgte, um einen au\u00dferordentlichen Eindruck zu hinterlassen.<\/em><br><em>Auf dieser Show in Hapert im Jahr 2009 konnte er sich zun\u00e4chst in seiner Altersklasse (24-48 Monate) der<\/em> <em>wei\u00dfen Hengste als Erster durchsetzen. Sp\u00e4ter wurde er dann zum besten Hengst der Farbe Wei\u00df<\/em> <em>ernannt und erhielt den \u201eColour Grand Champion\u201c-Titel. Am Ende des Tages kr\u00f6nte ihn der Richter,<\/em> <em>Paul Cullen, zum Reserve Champion aller Hengste und damit zum 2. Besten Hengst aller Altersklassen und Farben. Aber dieser Erfolg ist kein Zufall!<\/em><\/p>\n\n\n\n<p>Decktaxe 750\u20ac zzgl. MwSt<\/p>\n\n\n\n<p><\/p>\n\n\n\n<h2 class=\"wp-block-heading\">Gesundheit<\/h2>\n\n\n\n<p><\/p>\n\n\n\n<ul class=\"wp-block-list\">\n<li>Ein negativer Cervix-Abstrich auf Clamydien ist die Grundvoraussetzung f\u00fcr einen Decksprung.<br><\/li>\n\n\n\n<li>Der Stutenbesitzer versichert weiter, dass die Stute frei von jeglichen ansteckenden und \u00fcbertragbaren Krankheiten, so wie von Parasiten ist und der gesundheitliche Allgemeinzustand der Stute gut ist.<\/li>\n<\/ul>\n","protected":false},"excerpt":{"rendered":"<p>WIT Roter Baron WIT Roter Baron (geb. 10.06.2012) hat eine ganz bezaubernde Ausstrahlung!Abstammend von der erfolgreichen Stute (Wittekind Alpakas) WIT Rosalie, hat er Rosalies wundervolle Aura geerbt. WIT Roter Barons Faser ist ein Traum! Er hat ein wunderbares Handle, verbunden mit einem sehr gut ausgepr\u00e4gten Crimpund starken Glanz. Die Kombination aus Feinheit und einem ausgepr\u00e4gten [&hellip;]<\/p>\n","protected":false},"author":1,"featured_media":0,"parent":0,"menu_order":0,"comment_status":"closed","ping_status":"closed","template":"","meta":{"footnotes":""},"class_list":["post-335","page","type-page","status-publish","hentry"],"_links":{"self":[{"href":"http:\/\/alpakahof-oyten.de\/index.html\/wp-json\/wp\/v2\/pages\/335","targetHints":{"allow":["GET"]}}],"collection":[{"href":"http:\/\/alpakahof-oyten.de\/index.html\/wp-json\/wp\/v2\/pages"}],"about":[{"href":"http:\/\/alpakahof-oyten.de\/index.html\/wp-json\/wp\/v2\/types\/page"}],"author":[{"embeddable":true,"href":"http:\/\/alpakahof-oyten.de\/index.html\/wp-json\/wp\/v2\/users\/1"}],"replies":[{"embeddable":true,"href":"http:\/\/alpakahof-oyten.de\/index.html\/wp-json\/wp\/v2\/comments?post=335"}],"version-history":[{"count":12,"href":"http:\/\/alpakahof-oyten.de\/index.html\/wp-json\/wp\/v2\/pages\/335\/revisions"}],"predecessor-version":[{"id":1087,"href":"http:\/\/alpakahof-oyten.de\/index.html\/wp-json\/wp\/v2\/pages\/335\/revisions\/1087"}],"wp:attachment":[{"href":"http:\/\/alpakahof-oyten.de\/index.html\/wp-json\/wp\/v2\/media?parent=335"}],"curies":[{"name":"wp","href":"https:\/\/api.w.org\/{rel}","templated":true}]}}