{"id":250,"date":"2023-01-27T19:06:02","date_gmt":"2023-01-27T18:06:02","guid":{"rendered":"https:\/\/alpakahof-oyten.de\/index.html\/?page_id=250"},"modified":"2023-01-27T19:08:19","modified_gmt":"2023-01-27T18:08:19","slug":"osmers-stoerche","status":"publish","type":"page","link":"http:\/\/alpakahof-oyten.de\/index.html\/osmers-stoerche\/","title":{"rendered":"Osmers St\u00f6rche"},"content":{"rendered":"\n<p>Seitdem Fr\u00fchjahr 2014 leben nun die St\u00f6rche schon bei uns auf dem Hof, jedes Jahr kam sie wieder und zogen hoch oben in der gro\u00dfen Hof Eiche ihre ersten Jungen gro\u00df. Drei Jahre sp\u00e4ter entschlossen wir uns ein zweites Nest zu bauen, da es jedes Jahr gro\u00dfe Zankereien gab um das erste Nest. Wir erfreuen uns jedes Jahr, wenn unsere St\u00f6rche wiederkommen, Natur pur und das ist das sch\u00f6nste. Auf unseren Hof, wo auch ein Regenr\u00fcckhaltebecken anliegt, finden auch viele andere Wildtiere wie Rehe, Fasane und Feldhasen ein zuhause.<\/p>\n\n\n\n<figure class=\"wp-block-image size-large\"><img loading=\"lazy\" decoding=\"async\" width=\"1024\" height=\"768\" src=\"https:\/\/alpakahof-oyten.de\/wp-content\/uploads\/2023\/01\/0-1024x768.jpg\" alt=\"\" class=\"wp-image-257\" srcset=\"http:\/\/alpakahof-oyten.de\/wp-content\/uploads\/2023\/01\/0-1024x768.jpg 1024w, http:\/\/alpakahof-oyten.de\/wp-content\/uploads\/2023\/01\/0-300x225.jpg 300w, http:\/\/alpakahof-oyten.de\/wp-content\/uploads\/2023\/01\/0-768x576.jpg 768w, http:\/\/alpakahof-oyten.de\/wp-content\/uploads\/2023\/01\/0-1536x1152.jpg 1536w, http:\/\/alpakahof-oyten.de\/wp-content\/uploads\/2023\/01\/0-2048x1536.jpg 2048w\" sizes=\"auto, (max-width: 1024px) 100vw, 1024px\" \/><\/figure>\n\n\n\n<p><\/p>\n\n\n\n<figure class=\"wp-block-image size-large\"><img loading=\"lazy\" decoding=\"async\" width=\"1024\" height=\"768\" src=\"https:\/\/alpakahof-oyten.de\/wp-content\/uploads\/2023\/01\/6-1-1024x768.jpg\" alt=\"\" class=\"wp-image-253\" srcset=\"http:\/\/alpakahof-oyten.de\/wp-content\/uploads\/2023\/01\/6-1-1024x768.jpg 1024w, http:\/\/alpakahof-oyten.de\/wp-content\/uploads\/2023\/01\/6-1-300x225.jpg 300w, http:\/\/alpakahof-oyten.de\/wp-content\/uploads\/2023\/01\/6-1-768x576.jpg 768w, http:\/\/alpakahof-oyten.de\/wp-content\/uploads\/2023\/01\/6-1-1536x1152.jpg 1536w, http:\/\/alpakahof-oyten.de\/wp-content\/uploads\/2023\/01\/6-1-2048x1536.jpg 2048w\" sizes=\"auto, (max-width: 1024px) 100vw, 1024px\" \/><\/figure>\n\n\n\n<figure class=\"wp-block-image size-large\"><img loading=\"lazy\" decoding=\"async\" width=\"1024\" height=\"768\" src=\"https:\/\/alpakahof-oyten.de\/wp-content\/uploads\/2023\/01\/5-1024x768.jpg\" alt=\"\" class=\"wp-image-254\" srcset=\"http:\/\/alpakahof-oyten.de\/wp-content\/uploads\/2023\/01\/5-1024x768.jpg 1024w, http:\/\/alpakahof-oyten.de\/wp-content\/uploads\/2023\/01\/5-300x225.jpg 300w, http:\/\/alpakahof-oyten.de\/wp-content\/uploads\/2023\/01\/5-768x576.jpg 768w, http:\/\/alpakahof-oyten.de\/wp-content\/uploads\/2023\/01\/5-1536x1152.jpg 1536w, http:\/\/alpakahof-oyten.de\/wp-content\/uploads\/2023\/01\/5-2048x1536.jpg 2048w\" sizes=\"auto, (max-width: 1024px) 100vw, 1024px\" \/><\/figure>\n\n\n\n<figure class=\"wp-block-image size-large\"><img loading=\"lazy\" decoding=\"async\" width=\"768\" height=\"1024\" src=\"https:\/\/alpakahof-oyten.de\/wp-content\/uploads\/2023\/01\/4-768x1024.jpg\" alt=\"\" class=\"wp-image-255\" srcset=\"http:\/\/alpakahof-oyten.de\/wp-content\/uploads\/2023\/01\/4-768x1024.jpg 768w, http:\/\/alpakahof-oyten.de\/wp-content\/uploads\/2023\/01\/4-225x300.jpg 225w, http:\/\/alpakahof-oyten.de\/wp-content\/uploads\/2023\/01\/4-1152x1536.jpg 1152w, http:\/\/alpakahof-oyten.de\/wp-content\/uploads\/2023\/01\/4-1536x2048.jpg 1536w, http:\/\/alpakahof-oyten.de\/wp-content\/uploads\/2023\/01\/4-scaled.jpg 1920w\" sizes=\"auto, (max-width: 768px) 100vw, 768px\" \/><\/figure>\n\n\n\n<figure class=\"wp-block-image size-full\"><img loading=\"lazy\" decoding=\"async\" width=\"450\" height=\"600\" src=\"https:\/\/alpakahof-oyten.de\/wp-content\/uploads\/2023\/01\/IMG_1390.jpg\" alt=\"\" class=\"wp-image-256\" srcset=\"http:\/\/alpakahof-oyten.de\/wp-content\/uploads\/2023\/01\/IMG_1390.jpg 450w, http:\/\/alpakahof-oyten.de\/wp-content\/uploads\/2023\/01\/IMG_1390-225x300.jpg 225w\" sizes=\"auto, (max-width: 450px) 100vw, 450px\" \/><\/figure>\n\n\n\n<figure class=\"wp-block-image size-full\"><img loading=\"lazy\" decoding=\"async\" width=\"600\" height=\"800\" src=\"https:\/\/alpakahof-oyten.de\/wp-content\/uploads\/2023\/01\/B4D8EAAD-513A-42B7-BBAA-39CBB93378F4-rotated.jpg\" alt=\"\" class=\"wp-image-259\" srcset=\"http:\/\/alpakahof-oyten.de\/wp-content\/uploads\/2023\/01\/B4D8EAAD-513A-42B7-BBAA-39CBB93378F4-rotated.jpg 600w, http:\/\/alpakahof-oyten.de\/wp-content\/uploads\/2023\/01\/B4D8EAAD-513A-42B7-BBAA-39CBB93378F4-225x300.jpg 225w\" sizes=\"auto, (max-width: 600px) 100vw, 600px\" \/><\/figure>\n\n\n\n<figure class=\"wp-block-image size-full\"><img loading=\"lazy\" decoding=\"async\" width=\"450\" height=\"600\" src=\"https:\/\/alpakahof-oyten.de\/wp-content\/uploads\/2023\/01\/IMG_1632.jpg\" alt=\"\" class=\"wp-image-260\" srcset=\"http:\/\/alpakahof-oyten.de\/wp-content\/uploads\/2023\/01\/IMG_1632.jpg 450w, http:\/\/alpakahof-oyten.de\/wp-content\/uploads\/2023\/01\/IMG_1632-225x300.jpg 225w\" sizes=\"auto, (max-width: 450px) 100vw, 450px\" \/><\/figure>\n\n\n\n<figure class=\"wp-block-image size-full\"><img loading=\"lazy\" decoding=\"async\" width=\"800\" height=\"566\" src=\"https:\/\/alpakahof-oyten.de\/wp-content\/uploads\/2023\/01\/Scannable-Dokument-am-09.01.2021-13_46_20.jpg\" alt=\"\" class=\"wp-image-264\" srcset=\"http:\/\/alpakahof-oyten.de\/wp-content\/uploads\/2023\/01\/Scannable-Dokument-am-09.01.2021-13_46_20.jpg 800w, http:\/\/alpakahof-oyten.de\/wp-content\/uploads\/2023\/01\/Scannable-Dokument-am-09.01.2021-13_46_20-300x212.jpg 300w, http:\/\/alpakahof-oyten.de\/wp-content\/uploads\/2023\/01\/Scannable-Dokument-am-09.01.2021-13_46_20-768x543.jpg 768w\" sizes=\"auto, (max-width: 800px) 100vw, 800px\" \/><\/figure>\n","protected":false},"excerpt":{"rendered":"<p>Seitdem Fr\u00fchjahr 2014 leben nun die St\u00f6rche schon bei uns auf dem Hof, jedes Jahr kam sie wieder und zogen hoch oben in der gro\u00dfen Hof Eiche ihre ersten Jungen gro\u00df. Drei Jahre sp\u00e4ter entschlossen wir uns ein zweites Nest zu bauen, da es jedes Jahr gro\u00dfe Zankereien gab um das erste Nest. Wir erfreuen [&hellip;]<\/p>\n","protected":false},"author":1,"featured_media":0,"parent":0,"menu_order":0,"comment_status":"closed","ping_status":"closed","template":"","meta":{"footnotes":""},"class_list":["post-250","page","type-page","status-publish","hentry"],"_links":{"self":[{"href":"http:\/\/alpakahof-oyten.de\/index.html\/wp-json\/wp\/v2\/pages\/250","targetHints":{"allow":["GET"]}}],"collection":[{"href":"http:\/\/alpakahof-oyten.de\/index.html\/wp-json\/wp\/v2\/pages"}],"about":[{"href":"http:\/\/alpakahof-oyten.de\/index.html\/wp-json\/wp\/v2\/types\/page"}],"author":[{"embeddable":true,"href":"http:\/\/alpakahof-oyten.de\/index.html\/wp-json\/wp\/v2\/users\/1"}],"replies":[{"embeddable":true,"href":"http:\/\/alpakahof-oyten.de\/index.html\/wp-json\/wp\/v2\/comments?post=250"}],"version-history":[{"count":3,"href":"http:\/\/alpakahof-oyten.de\/index.html\/wp-json\/wp\/v2\/pages\/250\/revisions"}],"predecessor-version":[{"id":265,"href":"http:\/\/alpakahof-oyten.de\/index.html\/wp-json\/wp\/v2\/pages\/250\/revisions\/265"}],"wp:attachment":[{"href":"http:\/\/alpakahof-oyten.de\/index.html\/wp-json\/wp\/v2\/media?parent=250"}],"curies":[{"name":"wp","href":"https:\/\/api.w.org\/{rel}","templated":true}]}}