{"id":155,"date":"2023-01-08T18:55:39","date_gmt":"2023-01-08T17:55:39","guid":{"rendered":"https:\/\/alpakahof-oyten.de\/index.html\/?page_id=155"},"modified":"2023-01-08T19:06:13","modified_gmt":"2023-01-08T18:06:13","slug":"abstammung","status":"publish","type":"page","link":"http:\/\/alpakahof-oyten.de\/index.html\/abstammung\/","title":{"rendered":"<strong>Abstammung<\/strong>"},"content":{"rendered":"\n<p>Alpakas geh\u00f6ren innerhalb der Familie der Kamele zur Unterordnung der Schwielensohler. Die Wissenschaft ist sich einig dar\u00fcber, dass diese domestizierte Form vom Vikunja abstammen. Ihre Heimat sind Chile, Peru und Bolivien. Ebenso wie Lamas wurden auch Alpakas bereits vor ca. 5.000 Jahren von den Inkas als Fleisch- und Wolllieferanten gesch\u00e4tzt und domestiziert. Nach ihrer drastischen Dezimierung durch die Spanier verdankten die verbleibenden Tiere ihr \u00dcberleben ihrer Bedeutung f\u00fcr die Bergbauer. Dort lebten sie Jahrhunderte lang in 4.000 bis 5.000 Metern H\u00f6he und auf den Hochebenen der Anden. Sie passten sich dort der n\u00e4hrstoffarmen Vegetation an. Die extremen Witterungsbedingungen im Hochgebirge bei Temperaturen zwischen gl\u00fchender Mittagssonne und n\u00e4chtlichen Minusgraden sorgten f\u00fcr eine nat\u00fcrliche Auslese unter den Vorfahren der heutigen Alpakas. Auch heute noch werden sie in den hochgelegenen Andengebieten gehalten, aber auch in Europa auf Farmen gez\u00fcchtet.<\/p>\n\n\n\n<p><strong>Darum lohnt sich die Haltung und Zucht:<\/strong><\/p>\n\n\n\n<figure class=\"wp-block-table\"><table><tbody><tr><td>Gewinnbringend:<\/td><td>Die Alpaka-Zucht ist in Deutschland ein wachsender Zukunftsmarkt<\/td><\/tr><tr><td>Lohnend:<\/td><td>Alpaka-Fasern z\u00e4hlen zu den hochwertigsten der Welt<\/td><\/tr><tr><td>Gesund:<\/td><td>Alpakas sind robust und nur f\u00fcr wenige Krankheiten anf\u00e4llig<\/td><\/tr><tr><td>Gut f\u00fcr die Weide:<\/td><td>Alpakas sind sehr effektive Rasenm\u00e4her<\/td><\/tr><tr><td>Doppelt praktisch:<\/td><td>Alpakas haben Kotstellen. Die Weide bleibt sch\u00f6n sauber und der Kot kann als hochwertiger D\u00fcnger (z. B. Rosen) genutzt werden<\/td><\/tr><tr><td>F\u00fcr die Freundschaft:<\/td><td>Alpakas werden bis zu 25 Jahre alt<\/td><\/tr><tr><td>Gut f\u00fcr die Laune:<\/td><td>Als Halfterf\u00fchrige Begleiter, Therapietiere und tolle Freizeitgef\u00e4hrten<\/td><\/tr><\/tbody><\/table><\/figure>\n\n\n\n<figure class=\"wp-block-image size-full\"><img loading=\"lazy\" decoding=\"async\" width=\"793\" height=\"402\" src=\"https:\/\/alpakahof-oyten.de\/wp-content\/uploads\/2023\/01\/Verwandschaft.jpg\" alt=\"\" class=\"wp-image-163\" srcset=\"http:\/\/alpakahof-oyten.de\/wp-content\/uploads\/2023\/01\/Verwandschaft.jpg 793w, http:\/\/alpakahof-oyten.de\/wp-content\/uploads\/2023\/01\/Verwandschaft-300x152.jpg 300w, http:\/\/alpakahof-oyten.de\/wp-content\/uploads\/2023\/01\/Verwandschaft-768x389.jpg 768w\" sizes=\"auto, (max-width: 793px) 100vw, 793px\" \/><\/figure>\n","protected":false},"excerpt":{"rendered":"<p>Alpakas geh\u00f6ren innerhalb der Familie der Kamele zur Unterordnung der Schwielensohler. Die Wissenschaft ist sich einig dar\u00fcber, dass diese domestizierte Form vom Vikunja abstammen. Ihre Heimat sind Chile, Peru und Bolivien. Ebenso wie Lamas wurden auch Alpakas bereits vor ca. 5.000 Jahren von den Inkas als Fleisch- und Wolllieferanten gesch\u00e4tzt und domestiziert. Nach ihrer drastischen [&hellip;]<\/p>\n","protected":false},"author":1,"featured_media":0,"parent":0,"menu_order":0,"comment_status":"closed","ping_status":"closed","template":"","meta":{"footnotes":""},"class_list":["post-155","page","type-page","status-publish","hentry"],"_links":{"self":[{"href":"http:\/\/alpakahof-oyten.de\/index.html\/wp-json\/wp\/v2\/pages\/155","targetHints":{"allow":["GET"]}}],"collection":[{"href":"http:\/\/alpakahof-oyten.de\/index.html\/wp-json\/wp\/v2\/pages"}],"about":[{"href":"http:\/\/alpakahof-oyten.de\/index.html\/wp-json\/wp\/v2\/types\/page"}],"author":[{"embeddable":true,"href":"http:\/\/alpakahof-oyten.de\/index.html\/wp-json\/wp\/v2\/users\/1"}],"replies":[{"embeddable":true,"href":"http:\/\/alpakahof-oyten.de\/index.html\/wp-json\/wp\/v2\/comments?post=155"}],"version-history":[{"count":2,"href":"http:\/\/alpakahof-oyten.de\/index.html\/wp-json\/wp\/v2\/pages\/155\/revisions"}],"predecessor-version":[{"id":164,"href":"http:\/\/alpakahof-oyten.de\/index.html\/wp-json\/wp\/v2\/pages\/155\/revisions\/164"}],"wp:attachment":[{"href":"http:\/\/alpakahof-oyten.de\/index.html\/wp-json\/wp\/v2\/media?parent=155"}],"curies":[{"name":"wp","href":"https:\/\/api.w.org\/{rel}","templated":true}]}}